{"id":66,"date":"2021-04-26T07:18:45","date_gmt":"2021-04-26T07:18:45","guid":{"rendered":"https:\/\/www.daluz.at\/?page_id=66"},"modified":"2025-12-17T10:42:45","modified_gmt":"2025-12-17T10:42:45","slug":"projekte","status":"publish","type":"page","link":"https:\/\/www.daluz.at\/en\/projekte\/","title":{"rendered":"Projects"},"content":{"rendered":"<p><strong>&#8222;JACK &amp; SHE&#8220;<\/strong><\/p>\n\n\n\n<figure class=\"wp-block-image size-full is-resized\"><img loading=\"lazy\" decoding=\"async\" width=\"1024\" height=\"1024\" src=\"https:\/\/www.daluz.at\/wp-content\/uploads\/2025\/12\/Jack-She-Logo.png\" alt=\"\" class=\"wp-image-975\" style=\"width:508px;height:auto\" srcset=\"https:\/\/www.daluz.at\/wp-content\/uploads\/2025\/12\/Jack-She-Logo.png 1024w, https:\/\/www.daluz.at\/wp-content\/uploads\/2025\/12\/Jack-She-Logo-300x300.png 300w, https:\/\/www.daluz.at\/wp-content\/uploads\/2025\/12\/Jack-She-Logo-150x150.png 150w, https:\/\/www.daluz.at\/wp-content\/uploads\/2025\/12\/Jack-She-Logo-768x768.png 768w, https:\/\/www.daluz.at\/wp-content\/uploads\/2025\/12\/Jack-She-Logo-12x12.png 12w\" sizes=\"auto, (max-width: 1024px) 100vw, 1024px\" \/><\/figure>\n\n\n\n<pre class=\"wp-block-preformatted\"><strong>\"Jack &amp; She\"<\/strong> ist ein Musikprojekt der cosmopolitischen S\u00e4ngerin, Komponistin und Bandleaderin <strong>DA LUZ<\/strong>, die in Wien aufgewachsen ist und mit ihren k\u00fcnstlerischen Wurzeln unterschiedliche Kulturen, Stile und Perspektiven verbindet.<br><br>Der Name<strong> \u201eJack\u201c steht f\u00fcr DA LUZ selbst<\/strong> Jack &amp; She is a music project led by the cosmopolitan singer, composer, and bandleader DA LUZ, who grew up in Vienna and blends her artistic roots with diverse cultures, styles, and perspectives.\n\nThe name \u201cJack\u201d represents DA LUZ herself \u2013 the creative, driving, and connecting force behind the project.\n\u201cShe\u201d stands both for the female band members and for the guest artists invited to perform: singers, musicians, and soloists who are given the stage to present their art to intimate or large audiences.\n\nThe project aims to make women in music visible, showcase their artistic diversity, and connect both well-known and emerging female artists.\n\nFemale artists remain underrepresented in public spaces, media, and festival line-ups compared to their male colleagues. Jack &amp; She sets a strong statement: it provides a professional and appreciative platform that makes female perspectives audible, visible, and tangible.\n\nIn the long term, the project also seeks to raise awareness in business and politics about the importance of culture for society, and the essential need to support female art, voices, and viewpoints\u2014both creatively and financially.\n\nBecause art stimulates the economy and strengthens social cohesion. Female artists are abundant \u2013 it is time to give them the stage they deserve.<br><strong>\u201eShe\u201c <\/strong>steht sowohl f\u00fcr die <strong>weibliche Bandbesetzung<\/strong> als auch f\u00fcr die Gastk\u00fcnstlerinnen, die zu den Konzerten eingeladen werden: <strong>S\u00e4ngerinnen, Musikerinnen und Solistinnen,<\/strong> die auf dieser B\u00fchne Raum bekommen, sich einem kleinen oder gro\u00dfen Publikum zu pr\u00e4sentieren.<br><br>Ziel des Projekts ist es, Frauen in der Musik sichtbar zu machen, ihre k\u00fcnstlerische Vielfalt zu zeigen und bekannte wie auch unbekannte K\u00fcnstlerinnen miteinander zu verbinden.<br><br>Denn nach wie vor sind weibliche K\u00fcnstlerinnen in der \u00d6ffentlichkeit, in den Medien und auf Festivalb\u00fchnen geringer vertreten als ihre m\u00e4nnlichen Kollegen.<br><strong>\u201eJack &amp; She\u201c<\/strong> setzt ein starkes Zeichen:<br>Es bietet einen professionellen, wertsch\u00e4tzenden Raum, der weibliche Perspektiven h\u00f6rbar, sichtbar und erlebbar macht.<br><br>Langfristig m\u00f6chte das Projekt auch Wirtschaft und Politik daf\u00fcr sensibilisieren, wie wichtig Kultur f\u00fcr unsere Gesellschaft ist \u2013 und wie essenziell es ist, weibliche Kunst, weibliche Stimmen und weibliche Sichtweisen zu f\u00f6rdern und finanziell zu unterst\u00fctzen.<br><br>Denn: Kunst belebt die Wirtschaft und st\u00e4rkt das gesellschaftliche Miteinander.<br>Weibliche K\u00fcnstlerinnen sind reichlich vorhanden \u2013 und es ist an der Zeit, ihnen die B\u00fchne zu geben, die sie verdienen.<br><\/pre>\n\n\n\n<p><strong>DA LUZ &#8211; &#8222;BRASIL LOUNGE&#8220;<\/strong><\/p>\n\n\n\n<figure class=\"wp-block-image size-large is-resized\"><img loading=\"lazy\" decoding=\"async\" width=\"533\" height=\"800\" src=\"https:\/\/www.daluz.at\/wp-content\/uploads\/2023\/10\/201712_vanderwerf_JP-751.jpg\" alt=\"\" class=\"wp-image-782\" style=\"width:326px;height:490px\" srcset=\"https:\/\/www.daluz.at\/wp-content\/uploads\/2023\/10\/201712_vanderwerf_JP-751.jpg 533w, https:\/\/www.daluz.at\/wp-content\/uploads\/2023\/10\/201712_vanderwerf_JP-751-200x300.jpg 200w, https:\/\/www.daluz.at\/wp-content\/uploads\/2023\/10\/201712_vanderwerf_JP-751-8x12.jpg 8w\" sizes=\"auto, (max-width: 533px) 100vw, 533px\" \/><\/figure>\n\n\n\n<p><\/p>\n\n\n\n<p class=\"translation-block\">DA LUZ is a band formation led by vocalist and bandleader Jacqueline Patricio DA LUZ. Her programme is dedicated to the diversity of Brazilian music.<\/p>\n\n\n\n<p>Die gro\u00dfe Liebe zur <strong>brasilianischen Musik<\/strong> ist bereits in meiner fr\u00fchen Kindheit entsatanden.Mein erster musikalischer Mentor war mein aus <strong>Sao Paolo<\/strong> stammender Vater, der mir diese wunderbare, rythmische, melancholische und lyrische Musik nahe brachte.<\/p>\n\n\n\n<p>Seither habe ich nicht mehr aufgeh\u00f6rt, mich mit den brasilianischen Komponisten und deren Kompositionen zu besch\u00e4ftigen. Die Vielzahl der Stile mit ihren Rythmen, wie: Chorinho, <strong>Samba<\/strong>, Samba Cancao und nicht zuletzt der <strong>Bossa Nova<\/strong>,erlauben es mir, als Vokalistin vielseitig zu sein.<\/p>\n\n\n\n<p class=\"translation-block\">I Have found my perfect band members, Brazilian and European Jazz musicians who have stayed with me on that musical journey to be close to the 'Brazilian Soul'.<\/p>\n\n\n\n<p><\/p>\n\n\n\n<p><\/p>\n\n\n\n<p><strong>DA LUZ - \"JAZZ - SOUL LOUNGE\"<\/strong><\/p>\n\n\n\n<figure class=\"wp-block-image size-large is-resized\"><img loading=\"lazy\" decoding=\"async\" width=\"800\" height=\"533\" src=\"https:\/\/www.daluz.at\/wp-content\/uploads\/2023\/10\/D-120123-04xo.jpg\" alt=\"\" class=\"wp-image-783\" style=\"width:473px;height:314px\" srcset=\"https:\/\/www.daluz.at\/wp-content\/uploads\/2023\/10\/D-120123-04xo.jpg 800w, https:\/\/www.daluz.at\/wp-content\/uploads\/2023\/10\/D-120123-04xo-300x200.jpg 300w, https:\/\/www.daluz.at\/wp-content\/uploads\/2023\/10\/D-120123-04xo-768x512.jpg 768w, https:\/\/www.daluz.at\/wp-content\/uploads\/2023\/10\/D-120123-04xo-18x12.jpg 18w\" sizes=\"auto, (max-width: 800px) 100vw, 800px\" \/><\/figure>\n\n\n\n<p>Meine Liebe zu <strong>Jazz<\/strong>,<strong> Soul<\/strong> und <strong>Popmusik <\/strong>hat mich zu diesem Projekt inspiriert. Mit <strong>JazzmusikerInnen<\/strong> aus den verschiedensten L\u00e4ndern dieser Welt fusioniere ich diese drei Musikrichtungen und erstelle dann je nach Konzertveranstaltung meine individuellen Programme dazu.<\/p>\n\n\n\n<p>Wir spielen sowohl bekanntes als auch unbekanntes Songmaterial von mir verehrten <strong>Komponisten und Interpreten<\/strong> wie zum Beispiel: Bill Withers, Stevie Wonder, Amy Winehouse, Diana Ross, Natalie Cole u.v.m.<\/p>\n\n\n\n<p class=\"translation-block\">And last but not least our own compositions.<\/p>\n\n\n\n<p><em><strong>Jacqueline Patricio DA LUZ<\/strong><\/em><\/p>","protected":false},"excerpt":{"rendered":"<p>&#8222;JACK &amp; SHE&#8220; &#8222;Jack &amp; She&#8220; ist ein Musikprojekt der cosmopolitischen S\u00e4ngerin, Komponistin und Bandleaderin DA LUZ, die in Wien aufgewachsen ist und mit ihren k\u00fcnstlerischen Wurzeln unterschiedliche Kulturen, Stile und Perspektiven verbindet.Der Name \u201eJack\u201c steht f\u00fcr DA LUZ selbst \u2013 als kreative, antreibende und verbindende Kraft des Projekts.\u201eShe\u201c steht sowohl f\u00fcr die weibliche Bandbesetzung als auch f\u00fcr die Gastk\u00fcnstlerinnen, die zu den Konzerten eingeladen werden: S\u00e4ngerinnen, Musikerinnen und Solistinnen, die auf dieser B\u00fchne Raum bekommen, sich einem kleinen oder gro\u00dfen Publikum zu pr\u00e4sentieren.Ziel des Projekts ist es, Frauen in der Musik sichtbar zu machen, ihre k\u00fcnstlerische Vielfalt zu zeigen\u2026<\/p>","protected":false},"author":1,"featured_media":0,"parent":0,"menu_order":0,"comment_status":"closed","ping_status":"closed","template":"","meta":{"_coblocks_attr":"","_coblocks_dimensions":"","_coblocks_responsive_height":"","_coblocks_accordion_ie_support":"","footnotes":""},"class_list":["post-66","page","type-page","status-publish","hentry"],"blocksy_meta":{"styles_descriptor":{"styles":{"desktop":"","tablet":"","mobile":""},"google_fonts":[]}},"yoast_head":"<!-- This site is optimized with the Yoast SEO plugin v24.9 - https:\/\/yoast.com\/wordpress\/plugins\/seo\/ -->\n<title>Projekte - Jacqueline Patricio DA LUZ<\/title>\n<meta name=\"robots\" content=\"index, follow, max-snippet:-1, max-image-preview:large, max-video-preview:-1\" \/>\n<link rel=\"canonical\" href=\"https:\/\/www.daluz.at\/en\/projekte\/\" \/>\n<meta property=\"og:locale\" content=\"en_GB\" \/>\n<meta property=\"og:type\" content=\"article\" \/>\n<meta property=\"og:title\" content=\"Projekte - Jacqueline Patricio DA LUZ\" \/>\n<meta property=\"og:description\" content=\"&#8222;JACK &amp; SHE&#8220; &quot;Jack &amp; She&quot; ist ein Musikprojekt der cosmopolitischen S\u00e4ngerin, Komponistin und Bandleaderin DA LUZ, die in Wien aufgewachsen ist und mit ihren k\u00fcnstlerischen Wurzeln unterschiedliche Kulturen, Stile und Perspektiven verbindet.Der Name \u201eJack\u201c steht f\u00fcr DA LUZ selbst \u2013 als kreative, antreibende und verbindende Kraft des Projekts.\u201eShe\u201c steht sowohl f\u00fcr die weibliche Bandbesetzung als auch f\u00fcr die Gastk\u00fcnstlerinnen, die zu den Konzerten eingeladen werden: S\u00e4ngerinnen, Musikerinnen und Solistinnen, die auf dieser B\u00fchne Raum bekommen, sich einem kleinen oder gro\u00dfen Publikum zu pr\u00e4sentieren.Ziel des Projekts ist es, Frauen in der Musik sichtbar zu machen, ihre k\u00fcnstlerische Vielfalt zu zeigen\u2026\" \/>\n<meta property=\"og:url\" content=\"https:\/\/www.daluz.at\/en\/projekte\/\" \/>\n<meta property=\"og:site_name\" content=\"Jacqueline Patricio DA LUZ\" \/>\n<meta property=\"article:publisher\" content=\"https:\/\/www.facebook.com\/jacqueline.patricio.90\" \/>\n<meta property=\"article:modified_time\" content=\"2025-12-17T10:42:45+00:00\" \/>\n<meta property=\"og:image\" content=\"https:\/\/www.daluz.at\/wp-content\/uploads\/2025\/12\/Jack-She-Logo.png\" \/>\n\t<meta property=\"og:image:width\" content=\"1024\" \/>\n\t<meta property=\"og:image:height\" content=\"1024\" \/>\n\t<meta property=\"og:image:type\" content=\"image\/png\" \/>\n<meta name=\"twitter:card\" content=\"summary_large_image\" \/>\n<meta name=\"twitter:label1\" content=\"Estimated reading time\" \/>\n\t<meta name=\"twitter:data1\" content=\"2 minutes\" \/>\n<script type=\"application\/ld+json\" class=\"yoast-schema-graph\">{\"@context\":\"https:\/\/schema.org\",\"@graph\":[{\"@type\":\"WebPage\",\"@id\":\"https:\/\/www.daluz.at\/projekte\/\",\"url\":\"https:\/\/www.daluz.at\/projekte\/\",\"name\":\"Projekte - Jacqueline Patricio DA LUZ\",\"isPartOf\":{\"@id\":\"https:\/\/www.daluz.at\/#website\"},\"primaryImageOfPage\":{\"@id\":\"https:\/\/www.daluz.at\/projekte\/#primaryimage\"},\"image\":{\"@id\":\"https:\/\/www.daluz.at\/projekte\/#primaryimage\"},\"thumbnailUrl\":\"https:\/\/www.daluz.at\/wp-content\/uploads\/2025\/12\/Jack-She-Logo.png\",\"datePublished\":\"2021-04-26T07:18:45+00:00\",\"dateModified\":\"2025-12-17T10:42:45+00:00\",\"breadcrumb\":{\"@id\":\"https:\/\/www.daluz.at\/projekte\/#breadcrumb\"},\"inLanguage\":\"en-GB\",\"potentialAction\":[{\"@type\":\"ReadAction\",\"target\":[\"https:\/\/www.daluz.at\/projekte\/\"]}]},{\"@type\":\"ImageObject\",\"inLanguage\":\"en-GB\",\"@id\":\"https:\/\/www.daluz.at\/projekte\/#primaryimage\",\"url\":\"https:\/\/www.daluz.at\/wp-content\/uploads\/2025\/12\/Jack-She-Logo.png\",\"contentUrl\":\"https:\/\/www.daluz.at\/wp-content\/uploads\/2025\/12\/Jack-She-Logo.png\"},{\"@type\":\"BreadcrumbList\",\"@id\":\"https:\/\/www.daluz.at\/projekte\/#breadcrumb\",\"itemListElement\":[{\"@type\":\"ListItem\",\"position\":1,\"name\":\"Startseite\",\"item\":\"https:\/\/www.daluz.at\/\"},{\"@type\":\"ListItem\",\"position\":2,\"name\":\"Projekte\"}]},{\"@type\":\"WebSite\",\"@id\":\"https:\/\/www.daluz.at\/#website\",\"url\":\"https:\/\/www.daluz.at\/\",\"name\":\"Jacqueline Patricio DA LUZ\",\"description\":\"Vokalistin | Latin \/Jazz\",\"publisher\":{\"@id\":\"https:\/\/www.daluz.at\/#\/schema\/person\/07ad5c713129260adcfc4922f0d98bbe\"},\"potentialAction\":[{\"@type\":\"SearchAction\",\"target\":{\"@type\":\"EntryPoint\",\"urlTemplate\":\"https:\/\/www.daluz.at\/?s={search_term_string}\"},\"query-input\":{\"@type\":\"PropertyValueSpecification\",\"valueRequired\":true,\"valueName\":\"search_term_string\"}}],\"inLanguage\":\"en-GB\"},{\"@type\":[\"Person\",\"Organization\"],\"@id\":\"https:\/\/www.daluz.at\/#\/schema\/person\/07ad5c713129260adcfc4922f0d98bbe\",\"name\":\"jacqueline\",\"logo\":{\"@id\":\"https:\/\/www.daluz.at\/#\/schema\/person\/image\/\"},\"description\":\"Singer | Composer | Jazz | Brasil\",\"sameAs\":[\"https:\/\/www.daluz.at\",\"https:\/\/www.facebook.com\/jacqueline.patricio.90\",\"https:\/\/www.instagram.com\/jacquelinepatriciomusic\/\"]}]}<\/script>\n<!-- \/ Yoast SEO plugin. -->","yoast_head_json":{"title":"Projekte - Jacqueline Patricio DA LUZ","robots":{"index":"index","follow":"follow","max-snippet":"max-snippet:-1","max-image-preview":"max-image-preview:large","max-video-preview":"max-video-preview:-1"},"canonical":"https:\/\/www.daluz.at\/en\/projekte\/","og_locale":"en_GB","og_type":"article","og_title":"Projekte - Jacqueline Patricio DA LUZ","og_description":"&#8222;JACK &amp; SHE&#8220; \"Jack &amp; She\" ist ein Musikprojekt der cosmopolitischen S\u00e4ngerin, Komponistin und Bandleaderin DA LUZ, die in Wien aufgewachsen ist und mit ihren k\u00fcnstlerischen Wurzeln unterschiedliche Kulturen, Stile und Perspektiven verbindet.Der Name \u201eJack\u201c steht f\u00fcr DA LUZ selbst \u2013 als kreative, antreibende und verbindende Kraft des Projekts.\u201eShe\u201c steht sowohl f\u00fcr die weibliche Bandbesetzung als auch f\u00fcr die Gastk\u00fcnstlerinnen, die zu den Konzerten eingeladen werden: S\u00e4ngerinnen, Musikerinnen und Solistinnen, die auf dieser B\u00fchne Raum bekommen, sich einem kleinen oder gro\u00dfen Publikum zu pr\u00e4sentieren.Ziel des Projekts ist es, Frauen in der Musik sichtbar zu machen, ihre k\u00fcnstlerische Vielfalt zu zeigen\u2026","og_url":"https:\/\/www.daluz.at\/en\/projekte\/","og_site_name":"Jacqueline Patricio DA LUZ","article_publisher":"https:\/\/www.facebook.com\/jacqueline.patricio.90","article_modified_time":"2025-12-17T10:42:45+00:00","og_image":[{"width":1024,"height":1024,"url":"https:\/\/www.daluz.at\/wp-content\/uploads\/2025\/12\/Jack-She-Logo.png","type":"image\/png"}],"twitter_card":"summary_large_image","twitter_misc":{"Estimated reading time":"2 minutes"},"schema":{"@context":"https:\/\/schema.org","@graph":[{"@type":"WebPage","@id":"https:\/\/www.daluz.at\/projekte\/","url":"https:\/\/www.daluz.at\/projekte\/","name":"Projekte - Jacqueline Patricio DA LUZ","isPartOf":{"@id":"https:\/\/www.daluz.at\/#website"},"primaryImageOfPage":{"@id":"https:\/\/www.daluz.at\/projekte\/#primaryimage"},"image":{"@id":"https:\/\/www.daluz.at\/projekte\/#primaryimage"},"thumbnailUrl":"https:\/\/www.daluz.at\/wp-content\/uploads\/2025\/12\/Jack-She-Logo.png","datePublished":"2021-04-26T07:18:45+00:00","dateModified":"2025-12-17T10:42:45+00:00","breadcrumb":{"@id":"https:\/\/www.daluz.at\/projekte\/#breadcrumb"},"inLanguage":"en-GB","potentialAction":[{"@type":"ReadAction","target":["https:\/\/www.daluz.at\/projekte\/"]}]},{"@type":"ImageObject","inLanguage":"en-GB","@id":"https:\/\/www.daluz.at\/projekte\/#primaryimage","url":"https:\/\/www.daluz.at\/wp-content\/uploads\/2025\/12\/Jack-She-Logo.png","contentUrl":"https:\/\/www.daluz.at\/wp-content\/uploads\/2025\/12\/Jack-She-Logo.png"},{"@type":"BreadcrumbList","@id":"https:\/\/www.daluz.at\/projekte\/#breadcrumb","itemListElement":[{"@type":"ListItem","position":1,"name":"Startseite","item":"https:\/\/www.daluz.at\/"},{"@type":"ListItem","position":2,"name":"Projekte"}]},{"@type":"WebSite","@id":"https:\/\/www.daluz.at\/#website","url":"https:\/\/www.daluz.at\/","name":"Jacqueline Patricio DA LUZ","description":"Vokalistin | Latin \/Jazz","publisher":{"@id":"https:\/\/www.daluz.at\/#\/schema\/person\/07ad5c713129260adcfc4922f0d98bbe"},"potentialAction":[{"@type":"SearchAction","target":{"@type":"EntryPoint","urlTemplate":"https:\/\/www.daluz.at\/?s={search_term_string}"},"query-input":{"@type":"PropertyValueSpecification","valueRequired":true,"valueName":"search_term_string"}}],"inLanguage":"en-GB"},{"@type":["Person","Organization"],"@id":"https:\/\/www.daluz.at\/#\/schema\/person\/07ad5c713129260adcfc4922f0d98bbe","name":"jacqueline","logo":{"@id":"https:\/\/www.daluz.at\/#\/schema\/person\/image\/"},"description":"Singer | Composer | Jazz | Brasil","sameAs":["https:\/\/www.daluz.at","https:\/\/www.facebook.com\/jacqueline.patricio.90","https:\/\/www.instagram.com\/jacquelinepatriciomusic\/"]}]}},"_links":{"self":[{"href":"https:\/\/www.daluz.at\/en\/wp-json\/wp\/v2\/pages\/66","targetHints":{"allow":["GET"]}}],"collection":[{"href":"https:\/\/www.daluz.at\/en\/wp-json\/wp\/v2\/pages"}],"about":[{"href":"https:\/\/www.daluz.at\/en\/wp-json\/wp\/v2\/types\/page"}],"author":[{"embeddable":true,"href":"https:\/\/www.daluz.at\/en\/wp-json\/wp\/v2\/users\/1"}],"replies":[{"embeddable":true,"href":"https:\/\/www.daluz.at\/en\/wp-json\/wp\/v2\/comments?post=66"}],"version-history":[{"count":35,"href":"https:\/\/www.daluz.at\/en\/wp-json\/wp\/v2\/pages\/66\/revisions"}],"predecessor-version":[{"id":980,"href":"https:\/\/www.daluz.at\/en\/wp-json\/wp\/v2\/pages\/66\/revisions\/980"}],"wp:attachment":[{"href":"https:\/\/www.daluz.at\/en\/wp-json\/wp\/v2\/media?parent=66"}],"curies":[{"name":"wp","href":"https:\/\/api.w.org\/{rel}","templated":true}]}}